{"id":2689,"date":"2020-09-02T07:34:15","date_gmt":"2020-09-02T07:34:15","guid":{"rendered":"http:\/\/wp20.robertkluba.com\/?page_id=2689"},"modified":"2020-09-21T07:54:52","modified_gmt":"2020-09-21T07:54:52","slug":"biographie","status":"publish","type":"page","link":"https:\/\/robertkluba.com\/fr\/biographie\/","title":{"rendered":"Biographie"},"content":{"rendered":"<div id='av-layout-grid-1'  class='av-layout-grid-container av-32nw09-0ee8b7247d93dac0070787eb206639cc entry-content-wrapper main_color av-flex-cells  avia-builder-el-0  el_before_av_one_third  avia-builder-el-first   container_wrap fullsize'  >\n\n<style type=\"text\/css\" data-created_by=\"avia_inline_auto\" id=\"style-css-av-kejzg35d-58ede52f30176a0e34aa2664b44e2586\">\n.flex_cell.av-kejzg35d-58ede52f30176a0e34aa2664b44e2586{\nvertical-align:top;\npadding:2px 2px 2px 2px;\nbackground-color:#0096e1;\n}\n<\/style>\n<div class='flex_cell av-kejzg35d-58ede52f30176a0e34aa2664b44e2586 av-gridrow-cell av_one_full no_margin  avia-builder-el-1  avia-builder-el-no-sibling ' ><div class='flex_cell_inner'><\/div><\/div>\n<\/div><div id='after_grid_row_1'  class='main_color av_default_container_wrap container_wrap fullsize'  ><div class='container av-section-cont-open' ><div class='template-page content  av-content-full alpha units'><div class='post-entry post-entry-type-page post-entry-2689'><div class='entry-content-wrapper clearfix'>\n\n<style type=\"text\/css\" data-created_by=\"avia_inline_auto\" id=\"style-css-av-45feyh-62889ebd776c0efc67f09d468c15178d\">\n.flex_column.av-45feyh-62889ebd776c0efc67f09d468c15178d{\n-webkit-border-radius:0px 0px 0px 0px;\n-moz-border-radius:0px 0px 0px 0px;\nborder-radius:0px 0px 0px 0px;\n}\n<\/style>\n<div class='flex_column av-45feyh-62889ebd776c0efc67f09d468c15178d av_one_third  avia-builder-el-2  el_after_av_layout_row  el_before_av_two_third  avia-builder-el-first  first flex_column_div av-zero-column-padding '     ><style type=\"text\/css\" data-created_by=\"avia_inline_auto\" id=\"style-css-av-kek2bz0d-6f38cb288ce3d5985a3c26501cfd4c30\">\n.avia-image-container.av-kek2bz0d-6f38cb288ce3d5985a3c26501cfd4c30 img.avia_image{\nbox-shadow:none;\n}\n.avia-image-container.av-kek2bz0d-6f38cb288ce3d5985a3c26501cfd4c30 .av-image-caption-overlay-center{\ncolor:#ffffff;\n}\n<\/style>\n<div  class='avia-image-container av-kek2bz0d-6f38cb288ce3d5985a3c26501cfd4c30 av-styling- avia-align-center  avia-builder-el-3  avia-builder-el-no-sibling '   itemprop=\"image\" itemscope=\"itemscope\" itemtype=\"https:\/\/schema.org\/ImageObject\" ><div class=\"avia-image-container-inner\"><div class=\"avia-image-overlay-wrap\"><img decoding=\"async\" class='wp-image-2692 avia-img-lazy-loading-not-2692 avia_image ' src=\"https:\/\/robertkluba.com\/wp-content\/uploads\/2020\/09\/portrait_robert_kluba.jpg\" alt='' title='Portrait de Robert Kluba'  height=\"252\" width=\"300\"  itemprop=\"thumbnailUrl\"  \/><\/div><\/div><\/div><\/div>\n\n<style type=\"text\/css\" data-created_by=\"avia_inline_auto\" id=\"style-css-av-2x9hax-893c72e45b90bdf3ff8f8c55f8b5d37b\">\n.flex_column.av-2x9hax-893c72e45b90bdf3ff8f8c55f8b5d37b{\n-webkit-border-radius:0px 0px 0px 0px;\n-moz-border-radius:0px 0px 0px 0px;\nborder-radius:0px 0px 0px 0px;\n}\n<\/style>\n<div class='flex_column av-2x9hax-893c72e45b90bdf3ff8f8c55f8b5d37b av_two_third  avia-builder-el-4  el_after_av_one_third  avia-builder-el-last  flex_column_div av-zero-column-padding '     ><section  class='av_textblock_section av-66ol89-d5365d395f40b6a517a794c7e3a88d00'  itemscope=\"itemscope\" itemtype=\"https:\/\/schema.org\/CreativeWork\" ><div class='avia_textblock'  itemprop=\"text\" ><p>Robert Kluba est n\u00e9 \u00e0 Berlin en 1978. Il a suivi des \u00e9tudes de photographie entre 1998 et 2001 \u00e0 l\u2019\u00e9cole de design Lette-Verein \u00e0 Berlin. En 2000, il a obtenu le prix universitaire du jeune talent en Allemagne, financ\u00e9 par Agfa et Leica. Apr\u00e8s avoir effectu\u00e9 un stage d\u2019assistant au sein du studio publicitaire Actimage \u00e0 Lyon entre 2001 et 2002, il d\u00e9cide de commencer \u00e0 travailler \u00e0 Paris.<\/p>\n<p>Depuis 2003, il collabore r\u00e9guli\u00e8rement avec la presse en Allemagne et en France en tant que photographe ind\u00e9pendant. Il couvre depuis plusieurs ann\u00e9es le sujet de la spiritualit\u00e9 des jeunes de moins de 25 ans en les accompagnant aux Journ\u00e9es Mondiales de la jeunesse \u00e0 travers le monde. En 2008, son travail sur le th\u00e8me des maisons de retraite \u00ab\u00a0Les vieux dans les yeux\u00a0\u00bb est expos\u00e9 au Clo\u00eetre des Billets \u00e0 Paris, en collaboration avec la Fondation de l&rsquo;Arm\u00e9e du Salut. La m\u00eame ann\u00e9e, il a particip\u00e9 \u00e0 l&rsquo;exposition collective \u00ab\u00a0Europe \u00e9chelle 27\u00a0\u00bb \u00e0 la cit\u00e9 des Arts pendant le mois de la photo \u00e0 Paris. En 2009, ce projet commun sur la France, observ\u00e9 par trois Europ\u00e9ens &#8211; dont lui-m\u00eame &#8211; a \u00e9t\u00e9 projet\u00e9 de nuit au festival d&rsquo;Arles.<\/p>\n<p>En 2012, son travail sur les vestiges du mur entre les deux \u00c9tats allemands a \u00e9t\u00e9 pr\u00e9sent\u00e9 au festival ImageSinguli\u00e8res \u00e0 S\u00e8te. Il a suivi la m\u00eame ann\u00e9e une formation de Ma\u00eetre Artisan photographe dispens\u00e9e par la Chambre des M\u00e9tiers \u00e0 Berlin. Son dernier travail sur des fans du Rock&rsquo;n Roll qui vivent les ann\u00e9es 50 au quotidien a \u00e9t\u00e9 r\u00e9alis\u00e9 \u00e0 Paris et \u00e0 Berlin et a \u00e9t\u00e9 expos\u00e9 en 2014 au Festival Photaumnales \u00e0 Beauvais. Son travail sur les traces du mur entre les deux Allemagnes a \u00e9t\u00e9 \u00e0 nouveau expos\u00e9 en octobre 2020 au Festival du Regard \u00e0 Cergy-Pontoise. Depuis 2015, son travail photographique est repr\u00e9sent\u00e9 par l\u2019agence de photographes R\u00e9a \u00e0 Paris.<\/p>\n<\/div><\/section><\/div>\n","protected":false},"excerpt":{"rendered":"","protected":false},"author":2,"featured_media":0,"parent":0,"menu_order":0,"comment_status":"closed","ping_status":"closed","template":"","meta":[],"_links":{"self":[{"href":"https:\/\/robertkluba.com\/fr\/wp-json\/wp\/v2\/pages\/2689"}],"collection":[{"href":"https:\/\/robertkluba.com\/fr\/wp-json\/wp\/v2\/pages"}],"about":[{"href":"https:\/\/robertkluba.com\/fr\/wp-json\/wp\/v2\/types\/page"}],"author":[{"embeddable":true,"href":"https:\/\/robertkluba.com\/fr\/wp-json\/wp\/v2\/users\/2"}],"replies":[{"embeddable":true,"href":"https:\/\/robertkluba.com\/fr\/wp-json\/wp\/v2\/comments?post=2689"}],"version-history":[{"count":9,"href":"https:\/\/robertkluba.com\/fr\/wp-json\/wp\/v2\/pages\/2689\/revisions"}],"predecessor-version":[{"id":3506,"href":"https:\/\/robertkluba.com\/fr\/wp-json\/wp\/v2\/pages\/2689\/revisions\/3506"}],"wp:attachment":[{"href":"https:\/\/robertkluba.com\/fr\/wp-json\/wp\/v2\/media?parent=2689"}],"curies":[{"name":"wp","href":"https:\/\/api.w.org\/{rel}","templated":true}]}}