{"id":2706,"date":"2020-09-02T08:33:03","date_gmt":"2020-09-02T08:33:03","guid":{"rendered":"http:\/\/wp20.robertkluba.com\/?page_id=2706"},"modified":"2023-01-28T21:05:53","modified_gmt":"2023-01-28T20:05:53","slug":"mentions-legales","status":"publish","type":"page","link":"https:\/\/robertkluba.com\/fr\/mentions-legales\/","title":{"rendered":"Mentions l\u00e9gales"},"content":{"rendered":"<div id='av-layout-grid-1'  class='av-layout-grid-container av-32nw09-0ee8b7247d93dac0070787eb206639cc entry-content-wrapper main_color av-flex-cells  avia-builder-el-0  el_before_av_section  avia-builder-el-first   container_wrap fullsize'  >\n\n<style type=\"text\/css\" data-created_by=\"avia_inline_auto\" id=\"style-css-av-kejzg35d-58ede52f30176a0e34aa2664b44e2586\">\n.flex_cell.av-kejzg35d-58ede52f30176a0e34aa2664b44e2586{\nvertical-align:top;\npadding:2px 2px 2px 2px;\nbackground-color:#0096e1;\n}\n<\/style>\n<div class='flex_cell av-kejzg35d-58ede52f30176a0e34aa2664b44e2586 av-gridrow-cell av_one_full no_margin  avia-builder-el-1  avia-builder-el-no-sibling ' ><div class='flex_cell_inner'><\/div><\/div>\n<\/div>\n<div id='av_section_1'  class='avia-section av-ptqrjg-4b628f7f6d439e412afb7f8d378644a1 main_color avia-section-large avia-no-border-styling  avia-builder-el-2  el_after_av_layout_row  el_before_av_section  avia-bg-style-scroll container_wrap fullsize'  ><div class='container av-section-cont-open' ><div class='template-page content  av-content-full alpha units'><div class='post-entry post-entry-type-page post-entry-2706'><div class='entry-content-wrapper clearfix'>\n\n<style type=\"text\/css\" data-created_by=\"avia_inline_auto\" id=\"style-css-av-1x3mk2-b1b48dec4ee1b0e4700050ed635a2c60\">\n#top .av-special-heading.av-1x3mk2-b1b48dec4ee1b0e4700050ed635a2c60{\npadding-bottom:0px;\n}\nbody .av-special-heading.av-1x3mk2-b1b48dec4ee1b0e4700050ed635a2c60 .av-special-heading-tag .heading-char{\nfont-size:25px;\n}\n.av-special-heading.av-1x3mk2-b1b48dec4ee1b0e4700050ed635a2c60 .av-subheading{\nfont-size:14px;\n}\n<\/style>\n<div  class='av-special-heading av-1x3mk2-b1b48dec4ee1b0e4700050ed635a2c60 av-special-heading-h2 blockquote modern-quote modern-centered  avia-builder-el-3  el_before_av_hr  avia-builder-el-first '><h2 class='av-special-heading-tag'  itemprop=\"headline\"  >Mentions l\u00e9gales<\/h2><div class=\"special-heading-border\"><div class=\"special-heading-inner-border\"><\/div><\/div><\/div>\n\n<style type=\"text\/css\" data-created_by=\"avia_inline_auto\" id=\"style-css-av-m7qc64-5f66e5a59f7028f4582c36fc235a028d\">\n#top .hr.av-m7qc64-5f66e5a59f7028f4582c36fc235a028d{\nmargin-top:20px;\nmargin-bottom:30px;\n}\n.hr.av-m7qc64-5f66e5a59f7028f4582c36fc235a028d .hr-inner{\nwidth:20px;\nborder-color:#ffffff;\n}\n<\/style>\n<div  class='hr av-m7qc64-5f66e5a59f7028f4582c36fc235a028d hr-custom  avia-builder-el-4  el_after_av_heading  el_before_av_one_half  hr-center hr-icon-no'><span class='hr-inner inner-border-av-border-fat'><span class=\"hr-inner-style\"><\/span><\/span><\/div>\n\n<style type=\"text\/css\" data-created_by=\"avia_inline_auto\" id=\"style-css-av-zp6zg-50a894e80cae596eca2132745233f9b6\">\n.flex_column.av-zp6zg-50a894e80cae596eca2132745233f9b6{\n-webkit-border-radius:0px 0px 0px 0px;\n-moz-border-radius:0px 0px 0px 0px;\nborder-radius:0px 0px 0px 0px;\n}\n<\/style>\n<div class='flex_column av-zp6zg-50a894e80cae596eca2132745233f9b6 av_one_half  avia-builder-el-5  el_after_av_hr  el_before_av_one_half  first flex_column_div av-zero-column-padding '     ><section  class='av_textblock_section av-7u5d4s-70860ccf31969b48f0b502ca3073d8b1'  itemscope=\"itemscope\" itemtype=\"https:\/\/schema.org\/CreativeWork\" ><div class='avia_textblock'  itemprop=\"text\" ><p><strong>Conditions g\u00e9n\u00e9rales &#8211; www.robertkluba.com<\/strong><\/p>\n<p>Robert Kluba<br \/>\nEisenbahnstr. 35<br \/>\n16225 Eberswalde<br \/>\nAllemagne<\/p>\n<p>T\u00e9l\u00e9phone: +49 176 5338 1760<br \/>\nE-Mail: contact@robertkluba.com<\/p>\n<p>Repr\u00e9sent\u00e9 mondialement par l\u2019agence R\u00e9a: <a href=\"https:\/\/www.reaphoto.com\">www.reaphoto.com<\/a><br \/>\nRepr\u00e9sent\u00e9 en Allemagne par l\u2019agence: <a href=\"https:\/\/www.sz-photo.de\">www.sz-photo.de<\/a><\/p>\n<\/div><\/section><\/div>\n<style type=\"text\/css\" data-created_by=\"avia_inline_auto\" id=\"style-css-av-kb6x0c-f79d354e03e7e57b2917afdc561bdd5e\">\n.flex_column.av-kb6x0c-f79d354e03e7e57b2917afdc561bdd5e{\n-webkit-border-radius:0px 0px 0px 0px;\n-moz-border-radius:0px 0px 0px 0px;\nborder-radius:0px 0px 0px 0px;\n}\n<\/style>\n<div class='flex_column av-kb6x0c-f79d354e03e7e57b2917afdc561bdd5e av_one_half  avia-builder-el-7  el_after_av_one_half  avia-builder-el-last  flex_column_div av-zero-column-padding '     ><form action=\"https:\/\/robertkluba.com\/fr\/mentions-legales\/\" method=\"post\"  class=\"avia_ajax_form av-form-labels-hidden   avia-builder-el-8  avia-builder-el-no-sibling   \" data-avia-form-id=\"1\" data-avia-redirect='' ><fieldset><p class='  first_form  form_element form_element_half' id='element_avia_1_1'><label for=\"avia_1_1\">Votre nom <abbr class=\"required\" title=\"requis(e)\">*<\/abbr><\/label> <input name=\"avia_1_1\" class=\"text_input is_empty\" type=\"text\" id=\"avia_1_1\" value=\"\"  placeholder='Votre nom*'\/><\/p><p class='  form_element form_element_half' id='element_avia_2_1'><label for=\"avia_2_1\">Courrier \u00e9l\u00e9ctronique <abbr class=\"required\" title=\"requis(e)\">*<\/abbr><\/label> <input name=\"avia_2_1\" class=\"text_input is_email\" type=\"text\" id=\"avia_2_1\" value=\"\"  placeholder='Courrier \u00e9l\u00e9ctronique*'\/><\/p><p class='  first_form  form_element form_fullwidth' id='element_avia_3_1'><label for=\"avia_3_1\">Sujet <abbr class=\"required\" title=\"requis(e)\">*<\/abbr><\/label> <input name=\"avia_3_1\" class=\"text_input is_empty\" type=\"text\" id=\"avia_3_1\" value=\"\"  placeholder='Sujet*'\/><\/p><p class='  first_form  form_element form_fullwidth av-last-visible-form-element' id='element_avia_4_1'><label for=\"avia_4_1\" class=\"textare_label hidden textare_label_avia_4_1\">Votre message <abbr class=\"required\" title=\"requis(e)\">*<\/abbr><\/label><textarea  placeholder='Votre message*' name=\"avia_4_1\" class=\"text_area is_empty\" cols=\"40\" rows=\"7\" id=\"avia_4_1\" ><\/textarea><\/p><p class=\"hidden\"><input type=\"text\" name=\"avia_5_1\" class=\"hidden \" id=\"avia_5_1\" value=\"\" \/><\/p><p class=\"form_element \"><input type=\"hidden\" value=\"1\" name=\"avia_generated_form1\" \/><input type=\"submit\" value=\"Envoyer le message\" class=\"button\"  data-sending-label=\"Envoi\"\/><\/p><\/fieldset><\/form><div id=\"ajaxresponse_1\" class=\"ajaxresponse ajaxresponse_1 hidden\"><\/div><\/div><\/div><\/div><\/div><!-- close content main div --><\/div><\/div><div id='av_section_2'  class='avia-section av-ptqrjg-0dbacbad686c7463d19de52618ba7d11 main_color avia-section-default avia-no-border-styling  avia-builder-el-9  el_after_av_section  avia-builder-el-last  avia-bg-style-scroll container_wrap fullsize'  ><div class='container av-section-cont-open' ><div class='template-page content  av-content-full alpha units'><div class='post-entry post-entry-type-page post-entry-2706'><div class='entry-content-wrapper clearfix'>\n\n<style type=\"text\/css\" data-created_by=\"avia_inline_auto\" id=\"style-css-av-zp6zg-50a894e80cae596eca2132745233f9b6\">\n.flex_column.av-zp6zg-50a894e80cae596eca2132745233f9b6{\n-webkit-border-radius:0px 0px 0px 0px;\n-moz-border-radius:0px 0px 0px 0px;\nborder-radius:0px 0px 0px 0px;\n}\n<\/style>\n<div class='flex_column av-zp6zg-50a894e80cae596eca2132745233f9b6 av_one_full  avia-builder-el-10  avia-builder-el-no-sibling  first flex_column_div av-zero-column-padding '     ><section  class='av_textblock_section av-7u5d4s-947bbe4ebb70845763de5f5f9e1939a4'  itemscope=\"itemscope\" itemtype=\"https:\/\/schema.org\/CreativeWork\" ><div class='avia_textblock'  itemprop=\"text\" ><p>Les photos et\/ou les textes pr\u00e9sent\u00e9s sur ce site ne sont pas libres de droit. Propri\u00e9t\u00e9 de ce Site Web: https:\/\/robertkluba.com est propri\u00e9taire et op\u00e9rateur de ce site Web. Tout le contenu r\u00e9alis\u00e9 ou mis \u00e0 disposition sur ce site Web, y compris, mais non exclusivement, les textes, les graphiques, les photographies, (ci-apr\u00e8s \u00a0\u00bb Le Contenu \u00ab) est la propri\u00e9t\u00e9 de https:\/\/robertkluba.com et des fournisseurs de contenu. Tous les \u00e9l\u00e9ments, toute photo et\/ou texte du site Web https:\/\/robertkluba.com, y compris, mais non exclusivement, la conception g\u00e9n\u00e9rale et le Contenu, sont prot\u00e9g\u00e9s par des brevets, des copyrights, des droits d\u2019auteur, des marques d\u00e9pos\u00e9es ou d\u2019autres lois relatives \u00e0 la protection de la propri\u00e9t\u00e9 intellectuelle. Sauf autorisation expresse pr\u00e9vue par cet accord ou par un autre accord souscrit avec https:\/\/robertkluba.com ou l\u2019un de ses partenaires , aucune partie ni aucun \u00e9l\u00e9ment de ce site Web ou de son Contenu ne peuvent \u00eatre copi\u00e9s ou retransmis par quelques moyens que ce soit; ce site Web, son Contenu et tous les droits relatifs resteront la propri\u00e9t\u00e9 exclusive de https:\/\/robertkluba.com ou des b\u00e9n\u00e9ficiaires de Licences, sauf autre disposition expresse. Vous devrez indemniser https:\/\/robertkluba.com, ses subsidiaires, ses b\u00e9n\u00e9ficiaires de licence de toute perte, d\u00e9pense, co\u00fbts, dommages et int\u00e9r\u00eats encourus en raison de votre manquement au respect du pr\u00e9sent Accord ou de l\u2019usage non autoris\u00e9 du Contenu et des droits relatifs \u00e0 celui-ci.<\/p>\n<p><strong>Droits d\u2019utilisation:<\/strong> Lorsqu\u2019une licence d\u2019utilisation est accord\u00e9e par https:\/\/robertkluba.com, l\u2019utilisation de l\u2019image est sp\u00e9cifi\u00e9e dans la facture et ne peut \u00eatre utilis\u00e9e pour un autre usage sans l\u2019autorisation pr\u00e9alable de https:\/\/robertkluba.com. La licence d\u2019utilisation vous sp\u00e9cifie le type de support, la langue et les territoires et le temps d\u2019utilisation autoris\u00e9s. Une licence accord\u00e9e par https:\/\/robertkluba.com ne constitue en aucun cas une d\u00e9claration de compatibilit\u00e9 d\u2019utilisation de cette image avec d\u2019autres contenus. Tout d\u00e9tournement entra\u00eenera la rupture du contrat de t\u00e9l\u00e9chargement et le d\u00e9clenchement de poursuites devant les instances juridiques comp\u00e9tentes.<\/p>\n<p><strong>Tarifs:<\/strong> Toute licence d\u2019utilisation d\u2019une image est soumise \u00e0 tarification. Le co\u00fbt est bas\u00e9 sur la d\u00e9finition de l\u2019utilisation de l\u2019image. Il sera calcul\u00e9 par des crit\u00e8res comme le nombre d\u2019exemplaires, le type de support, la taille de reproduction, les territoires de diffusion et si l\u2019utilisation demand\u00e9e est exclusive ou non. https:\/\/robertkluba.com calcule le co\u00fbt en fonction des informations fournies par le b\u00e9n\u00e9ficiaire de licence. De fausses informations pourraient entra\u00eener un surco\u00fbt par rapport au contrat \u00e9tabli et peuvent m\u00eame conduire \u00e0 l\u2019annulation du contrat.<\/p>\n<p><strong>Cr\u00e9dits:<\/strong> Pour toute publication d\u2019une photographie sous licence, le nom https:\/\/robertkluba.com doit \u00eatre cr\u00e9dit\u00e9 pour toute reproduction de son travail. La ligne du cr\u00e9dit doit contenir \u00ab https:\/\/robertkluba.com \u00bb. L\u2019emplacement privil\u00e9gi\u00e9 pour le cr\u00e9dit est sur le c\u00f4t\u00e9 de l\u2019image ou dans la section des remerciements et cr\u00e9dits photographiques. Pour toute utilisation publicitaire ou commerciale, nous demandons que le b\u00e9n\u00e9ficiaire de licence fasse son possible pour faire appara\u00eetre le cr\u00e9dit.<\/p>\n<p><strong>Images publi\u00e9es:<\/strong> https:\/\/robertkluba.com demande de recevoir au moins deux exemplaires de toute publication contenant une reproduction d\u2019image.<\/p>\n<p><strong>D\u00e9saccords et r\u00e9clamations:<\/strong>\u00a0Les utilisateurs de ce site web acceptent que les termes cit\u00e9s ci-dessus sont issus de l\u2019article du code du commerce et de la propri\u00e9t\u00e9 intellectuelle et acceptent de s\u2019y soumettre. Toute objection quant \u00e0 ce contenu, doit \u00eatre mise \u00e0 l\u2019\u00e9crit. Le pr\u00e9sent contrat sera interpr\u00e9t\u00e9 selon la l\u00e9gislation fran\u00e7aise aux contrats pass\u00e9s et ex\u00e9cut\u00e9s en France. En cas de contestations \u00e0 l\u2019occasion du pr\u00e9sent contrat ou de non ex\u00e9cution, les parties font attributions exclusives de juridictions aux tribunaux comp\u00e9tents de Paris.<\/p>\n<\/div><\/section><\/div>\n<\/p>\n","protected":false},"excerpt":{"rendered":"","protected":false},"author":2,"featured_media":0,"parent":0,"menu_order":0,"comment_status":"closed","ping_status":"closed","template":"","meta":[],"_links":{"self":[{"href":"https:\/\/robertkluba.com\/fr\/wp-json\/wp\/v2\/pages\/2706"}],"collection":[{"href":"https:\/\/robertkluba.com\/fr\/wp-json\/wp\/v2\/pages"}],"about":[{"href":"https:\/\/robertkluba.com\/fr\/wp-json\/wp\/v2\/types\/page"}],"author":[{"embeddable":true,"href":"https:\/\/robertkluba.com\/fr\/wp-json\/wp\/v2\/users\/2"}],"replies":[{"embeddable":true,"href":"https:\/\/robertkluba.com\/fr\/wp-json\/wp\/v2\/comments?post=2706"}],"version-history":[{"count":13,"href":"https:\/\/robertkluba.com\/fr\/wp-json\/wp\/v2\/pages\/2706\/revisions"}],"predecessor-version":[{"id":3833,"href":"https:\/\/robertkluba.com\/fr\/wp-json\/wp\/v2\/pages\/2706\/revisions\/3833"}],"wp:attachment":[{"href":"https:\/\/robertkluba.com\/fr\/wp-json\/wp\/v2\/media?parent=2706"}],"curies":[{"name":"wp","href":"https:\/\/api.w.org\/{rel}","templated":true}]}}