{"id":3634,"date":"2020-09-21T12:43:07","date_gmt":"2020-09-21T12:43:07","guid":{"rendered":"http:\/\/wp20.robertkluba.com\/?page_id=3634"},"modified":"2020-09-23T13:06:31","modified_gmt":"2020-09-23T13:06:31","slug":"expositions","status":"publish","type":"page","link":"https:\/\/robertkluba.com\/fr\/publications\/expositions\/","title":{"rendered":"Expositions"},"content":{"rendered":"<div id='av-layout-grid-1'  class='av-layout-grid-container av-32nw09-0ee8b7247d93dac0070787eb206639cc entry-content-wrapper main_color av-flex-cells  avia-builder-el-0  el_before_av_section  avia-builder-el-first   container_wrap fullsize'  >\n\n<style type=\"text\/css\" data-created_by=\"avia_inline_auto\" id=\"style-css-av-kejzg35d-58ede52f30176a0e34aa2664b44e2586\">\n.flex_cell.av-kejzg35d-58ede52f30176a0e34aa2664b44e2586{\nvertical-align:top;\npadding:2px 2px 2px 2px;\nbackground-color:#0096e1;\n}\n<\/style>\n<div class='flex_cell av-kejzg35d-58ede52f30176a0e34aa2664b44e2586 av-gridrow-cell av_one_full no_margin  avia-builder-el-1  avia-builder-el-no-sibling ' ><div class='flex_cell_inner'><\/div><\/div>\n<\/div>\n<div id='av_section_1'  class='avia-section av-uwwp-ea87ad43dbc444aaa17a88bb34882328 main_color avia-section-huge avia-no-border-styling  avia-builder-el-2  el_after_av_layout_row  el_before_av_masonry_gallery  avia-bg-style-scroll container_wrap fullsize'  ><div class='container av-section-cont-open' ><div class='template-page content  av-content-full alpha units'><div class='post-entry post-entry-type-page post-entry-3634'><div class='entry-content-wrapper clearfix'>\n\n<style type=\"text\/css\" data-created_by=\"avia_inline_auto\" id=\"style-css-av-kffdpxjs-203d989800b52651580e513a2a4344eb\">\n#top .av-special-heading.av-kffdpxjs-203d989800b52651580e513a2a4344eb{\npadding-bottom:10px;\n}\nbody .av-special-heading.av-kffdpxjs-203d989800b52651580e513a2a4344eb .av-special-heading-tag .heading-char{\nfont-size:25px;\n}\n.av-special-heading.av-kffdpxjs-203d989800b52651580e513a2a4344eb .av-subheading{\nfont-size:15px;\n}\n<\/style>\n<div  class='av-special-heading av-kffdpxjs-203d989800b52651580e513a2a4344eb av-special-heading-h2 blockquote modern-quote  avia-builder-el-3  avia-builder-el-no-sibling '><h2 class='av-special-heading-tag'  itemprop=\"headline\"  >Expositions<\/h2><div class=\"special-heading-border\"><div class=\"special-heading-inner-border\"><\/div><\/div><\/div>\n\n\n<style type=\"text\/css\" data-created_by=\"avia_inline_auto\" id=\"style-css-av-kejy5alx-1c3efb826ffb6ba6ed98c9faf940780b\">\n#top .av-masonry.av-kejy5alx-1c3efb826ffb6ba6ed98c9faf940780b{\nbackground-color:#262626;\n}\n<\/style>\n<div id='av-masonry-1' class='av-masonry av-kejy5alx-1c3efb826ffb6ba6ed98c9faf940780b noHover av-fixed-size av-large-gap av-hover-overlay-desaturation av-masonry-animation-active av-masonry-col-4 av-caption-always av-caption-style- av-masonry-gallery av-orientation-square '><div class=\"av-masonry-container isotope av-js-disabled\"><div class='av-masonry-entry isotope-item av-masonry-item-no-image '><\/div><a href=\"https:\/\/robertkluba.com\/wp-content\/uploads\/2020\/09\/exposition_robert_kluba_01.jpg\" data-srcset=\"https:\/\/robertkluba.com\/wp-content\/uploads\/2020\/09\/exposition_robert_kluba_01.jpg 600w, https:\/\/robertkluba.com\/wp-content\/uploads\/2020\/09\/exposition_robert_kluba_01-300x200.jpg 300w\" data-sizes=\"(max-width: 600px) 100vw, 600px\"  aria-label=\"image \u201eThe Fury of the Past\u201c, des fans de Rock\u2019n&rsquo;Roll en Allemagne et en France. Une exposition de groupes organis\u00e9e par le Festival Photaumnales \u00e0 Beauvais en octobre 2014.\"  id='av-masonry-1-item-3667' data-av-masonry-item='3667' class='av-masonry-entry isotope-item post-3667 attachment type-attachment status-inherit hentry  av-masonry-item-with-image' title=\"\u201eThe Fury of the Past\u201c, des fans de Rock\u2019n&rsquo;Roll en Allemagne et en France. Une exposition de groupes organis\u00e9e par le Festival Photaumnales \u00e0 Beauvais en octobre 2014.\" alt=\"\"    itemprop=\"thumbnailUrl\" ><div class='av-inner-masonry-sizer'><\/div><figure class='av-inner-masonry main_color'><div class=\"av-masonry-outerimage-container\"><div class='av-masonry-image-container' style=\"background-image: url(https:\/\/robertkluba.com\/wp-content\/uploads\/2020\/09\/exposition_robert_kluba_01.jpg);\"  title=\"\u201eThe Fury of the Past\u201c, des fans de Rock\u2019n&rsquo;Roll en Allemagne et en France. Une exposition de groupes organis\u00e9e par le Festival Photaumnales \u00e0 Beauvais en octobre 2014.\"  ><\/div><\/div><\/figure><\/a><!--end av-masonry entry--><a href=\"https:\/\/robertkluba.com\/wp-content\/uploads\/2020\/09\/exposition_robert_kluba_02.jpg\" data-srcset=\"https:\/\/robertkluba.com\/wp-content\/uploads\/2020\/09\/exposition_robert_kluba_02.jpg 600w, https:\/\/robertkluba.com\/wp-content\/uploads\/2020\/09\/exposition_robert_kluba_02-300x200.jpg 300w\" data-sizes=\"(max-width: 600px) 100vw, 600px\"  aria-label=\"image \u201eThe Fury of the Past\u201c, des fans de Rock\u2019n&rsquo;Roll en Allemagne et en France. Une exposition de groupes organis\u00e9e par le Festival Photaumnales \u00e0 Beauvais en octobre 2014.\"  id='av-masonry-1-item-3669' data-av-masonry-item='3669' class='av-masonry-entry isotope-item post-3669 attachment type-attachment status-inherit hentry  av-masonry-item-with-image' title=\"\u201eThe Fury of the Past\u201c, des fans de Rock\u2019n&rsquo;Roll en Allemagne et en France. Une exposition de groupes organis\u00e9e par le Festival Photaumnales \u00e0 Beauvais en octobre 2014.\" alt=\"\"    itemprop=\"thumbnailUrl\" ><div class='av-inner-masonry-sizer'><\/div><figure class='av-inner-masonry main_color'><div class=\"av-masonry-outerimage-container\"><div class='av-masonry-image-container' style=\"background-image: url(https:\/\/robertkluba.com\/wp-content\/uploads\/2020\/09\/exposition_robert_kluba_02.jpg);\"  title=\"\u201eThe Fury of the Past\u201c, des fans de Rock\u2019n&rsquo;Roll en Allemagne et en France. Une exposition de groupes organis\u00e9e par le Festival Photaumnales \u00e0 Beauvais en octobre 2014.\"  ><\/div><\/div><\/figure><\/a><!--end av-masonry entry--><a href=\"https:\/\/robertkluba.com\/wp-content\/uploads\/2020\/09\/exposition_robert_kluba_03.jpg\" data-srcset=\"https:\/\/robertkluba.com\/wp-content\/uploads\/2020\/09\/exposition_robert_kluba_03.jpg 600w, https:\/\/robertkluba.com\/wp-content\/uploads\/2020\/09\/exposition_robert_kluba_03-300x200.jpg 300w\" data-sizes=\"(max-width: 600px) 100vw, 600px\"  aria-label=\"image \u201eLes Vieux dans les Yeux \u00bb, la vie quotidienne dans des r\u00e9sidences seniors. Une exposition en collaboration avec la Fondation de l\u2019Arm\u00e9e du Salut au Clo\u00eetre des Billets \u00e0 Paris en octobre 2008.\"  id='av-masonry-1-item-3671' data-av-masonry-item='3671' class='av-masonry-entry isotope-item post-3671 attachment type-attachment status-inherit hentry  av-masonry-item-with-image' title=\"\u201eLes Vieux dans les Yeux \u00bb, la vie quotidienne dans des r\u00e9sidences seniors. Une exposition en collaboration avec la Fondation de l\u2019Arm\u00e9e du Salut au Clo\u00eetre des Billets \u00e0 Paris en octobre 2008.\" alt=\"\"    itemprop=\"thumbnailUrl\" ><div class='av-inner-masonry-sizer'><\/div><figure class='av-inner-masonry main_color'><div class=\"av-masonry-outerimage-container\"><div class='av-masonry-image-container' style=\"background-image: url(https:\/\/robertkluba.com\/wp-content\/uploads\/2020\/09\/exposition_robert_kluba_03.jpg);\"  title=\"\u201eLes Vieux dans les Yeux \u00bb, la vie quotidienne dans des r\u00e9sidences seniors. Une exposition en collaboration avec la Fondation de l\u2019Arm\u00e9e du Salut au Clo\u00eetre des Billets \u00e0 Paris en octobre 2008.\"  ><\/div><\/div><\/figure><\/a><!--end av-masonry entry--><a href=\"https:\/\/robertkluba.com\/wp-content\/uploads\/2020\/09\/exposition_robert_kluba_04.jpg\" data-srcset=\"https:\/\/robertkluba.com\/wp-content\/uploads\/2020\/09\/exposition_robert_kluba_04.jpg 600w, https:\/\/robertkluba.com\/wp-content\/uploads\/2020\/09\/exposition_robert_kluba_04-300x200.jpg 300w\" data-sizes=\"(max-width: 600px) 100vw, 600px\"  aria-label=\"image \u201eLes Vieux dans les Yeux \u00bb, la vie quotidienne dans des r\u00e9sidences seniors. Une exposition en collaboration avec la Fondation de l\u2019Arm\u00e9e du Salut au Clo\u00eetre des Billets \u00e0 Paris en octobre 2008.\"  id='av-masonry-1-item-3673' data-av-masonry-item='3673' class='av-masonry-entry isotope-item post-3673 attachment type-attachment status-inherit hentry  av-masonry-item-with-image' title=\"\u201eLes Vieux dans les Yeux \u00bb, la vie quotidienne dans des r\u00e9sidences seniors. Une exposition en collaboration avec la Fondation de l\u2019Arm\u00e9e du Salut au Clo\u00eetre des Billets \u00e0 Paris en octobre 2008.\" alt=\"\"    itemprop=\"thumbnailUrl\" ><div class='av-inner-masonry-sizer'><\/div><figure class='av-inner-masonry main_color'><div class=\"av-masonry-outerimage-container\"><div class='av-masonry-image-container' style=\"background-image: url(https:\/\/robertkluba.com\/wp-content\/uploads\/2020\/09\/exposition_robert_kluba_04.jpg);\"  title=\"\u201eLes Vieux dans les Yeux \u00bb, la vie quotidienne dans des r\u00e9sidences seniors. Une exposition en collaboration avec la Fondation de l\u2019Arm\u00e9e du Salut au Clo\u00eetre des Billets \u00e0 Paris en octobre 2008.\"  ><\/div><\/div><\/figure><\/a><!--end av-masonry entry--><\/div><\/div>\n","protected":false},"excerpt":{"rendered":"","protected":false},"author":2,"featured_media":0,"parent":3633,"menu_order":2,"comment_status":"closed","ping_status":"closed","template":"","meta":[],"_links":{"self":[{"href":"https:\/\/robertkluba.com\/fr\/wp-json\/wp\/v2\/pages\/3634"}],"collection":[{"href":"https:\/\/robertkluba.com\/fr\/wp-json\/wp\/v2\/pages"}],"about":[{"href":"https:\/\/robertkluba.com\/fr\/wp-json\/wp\/v2\/types\/page"}],"author":[{"embeddable":true,"href":"https:\/\/robertkluba.com\/fr\/wp-json\/wp\/v2\/users\/2"}],"replies":[{"embeddable":true,"href":"https:\/\/robertkluba.com\/fr\/wp-json\/wp\/v2\/comments?post=3634"}],"version-history":[{"count":5,"href":"https:\/\/robertkluba.com\/fr\/wp-json\/wp\/v2\/pages\/3634\/revisions"}],"predecessor-version":[{"id":3731,"href":"https:\/\/robertkluba.com\/fr\/wp-json\/wp\/v2\/pages\/3634\/revisions\/3731"}],"up":[{"embeddable":true,"href":"https:\/\/robertkluba.com\/fr\/wp-json\/wp\/v2\/pages\/3633"}],"wp:attachment":[{"href":"https:\/\/robertkluba.com\/fr\/wp-json\/wp\/v2\/media?parent=3634"}],"curies":[{"name":"wp","href":"https:\/\/api.w.org\/{rel}","templated":true}]}}